{"id":96,"date":"2021-06-15T22:45:39","date_gmt":"2021-06-15T22:45:39","guid":{"rendered":"https:\/\/semanariolocal.cl\/legales\/?page_id=96"},"modified":"2021-06-15T22:45:39","modified_gmt":"2021-06-15T22:45:39","slug":"avisos-legales","status":"publish","type":"page","link":"https:\/\/semanariolocal.cl\/legales\/?page_id=96","title":{"rendered":"Avisos Legales"},"content":{"rendered":"\n<p style=\"font-size:17px\"><strong>AVISOS LEGALES : FUNDAMENTACI\u00d3N DEL SERVICIO<\/strong><\/p>\n\n\n\n<p style=\"font-size:17px\">En concordancia con la ley 19.733 SOBRE LIBERTADES DE OPINION E INFORMACION Y EJERCICIO DEL PERIODISMO que, &nbsp;seg\u00fan consigna el &nbsp;Articulo 2&nbsp; Inciso 1 y 2&nbsp; en que se\u00f1ala : &nbsp;\u00abPara todos los efectos legales, son medios de comunicaci\u00f3n social aquellos aptos para transmitir, divulgar, difundir o propagar, en forma estable y peri\u00f3dica, textos, sonidos o im\u00e1genes destinados al p\u00fablico, cualesquiera sea el soporte o instrumento utilizado.\u00bb<\/p>\n\n\n\n<p style=\"font-size:17px\">\u00abSe entender\u00e1 por diario todo peri\u00f3dico que se publique a lo menos cuatro d\u00edas en cada semana y cumpla con los dem\u00e1s requisitos establecidos en la ley\u00bb; &nbsp;&nbsp;Y&nbsp; dado el pronunciamiento de Contralor\u00eda General de la Republica&nbsp; en dictamen 094498N14 de fecha 04-12-2014 confirmando criterios vertidos anteriormente en &nbsp;dict\u00e1menes&nbsp;&nbsp;N\u00b0s. 57.623, de 2007, 51.028, de 2010 y 41.746, de 2012,&nbsp;en los que asimila la validez de&nbsp;de publicaciones legales o reglamentarias realizada por medios electr\u00f3nicos a las de medios escritos y en donde se se\u00f1ala expresamente que (sic) :<\/p>\n\n\n\n<p style=\"font-size:17px\">\u00bb Atendido que los diarios electr\u00f3nicos cumplen el mismo rol que los diarios impresos, no se divisan impedimentos para que en aquellas situaciones en que la ley exige efectuar una publicaci\u00f3n en un diario, \u00e9sta se practique en un diario electr\u00f3nico que cumpla con los requisitos establecidos en la ley N\u00b0 19.733, salvo que los t\u00e9rminos de la exigencia legal obsten a dicha posibilidad.\u00bb<\/p>\n\n\n\n<p style=\"font-size:17px\">De igual manera cabe se\u00f1alar y reforzar &nbsp;que en torno al \u00e1mbito de acci\u00f3n territorial de las publicaciones emitidas a trav\u00e9s de Semanario Local y cualquier otro medio electr\u00f3nico habilitado para ello y &nbsp;designados como AVISOS LEGALES &nbsp;&nbsp;la ley N\u00b0 19.733 no hace distingo geogr\u00e1fico, ni califica, ni clasifica a los medios de comunicaci\u00f3n electr\u00f3nicos por radios de acci\u00f3n territorial NO EXISTIENDO EN FORMATO ELECTRONICO y en la mencionada ley una categorizaci\u00f3n de Diario Nacional, Diario Regional &nbsp;o Diario Provincial.<\/p>\n\n\n\n<p style=\"font-size:17px\">Al respecto solo se\u00f1alar que &nbsp;art\u00edculo 19 del C\u00f3digo Civil &nbsp;prescribe \u00abque cuando el sentido de la ley es claro no se desatender\u00e1 su tenor literal, a pretexto de consultar su esp\u00edritu, regla que se traduce asimismo, en el conocido aforismo jur\u00eddico de la no distinci\u00f3n, en conformidad al cual \u00abdonde la ley no distingue, no le es l\u00edcito al int\u00e9rprete distinguir\u00bb.<\/p>\n\n\n\n<p style=\"font-size:17px\">Por tanto como diario electr\u00f3nico ubicado en\u00a0 <strong>www.semanariolocal.cl<\/strong> y ajustado a la ley y a todas las normas vigentes nos encontramos habilitados para emitir AVISOS LEGALES seg\u00fan los requerimientos y necesidades que las personas naturales y jur\u00eddicas consideren necesario y oportuno.<\/p>\n\n\n\n<hr class=\"wp-block-separator\"\/>\n\n\n\n<p class=\"has-medium-font-size\"><strong>Bibliograf\u00eda y fuentes :<\/strong><\/p>\n\n\n\n<p><a href=\"https:\/\/www.leychile.cl\/Navegar?idNorma=186049&amp;buscar=19733\">01.-Ley 19733<\/a><\/p>\n\n\n\n<p><a href=\"http:\/\/www.contraloria.cl\/LegisJuri\/DictamenesGeneralesMunicipales.nsf\/DetalleDictamen?OpenForm&amp;numero=94498&amp;ano=14\">02.-Dictamen Contralor\u00eda General de la Republica&nbsp; N\u00b0 94.498 de 4 de diciembre de 2014<\/a><\/p>\n\n\n\n<p><a href=\"http:\/\/www.contraloria.cl\/LegisJuri\/DictamenesGeneralesMunicipales.nsf\/DetalleDictamen?OpenForm&amp;UNID=8D680B16D7AFDF4E8425779A0056D93B\">03.-Dictamen Contralor\u00eda General de la Republica&nbsp; N\u00b0 51.028 de 1 de septiembre del 2010<\/a><\/p>\n\n\n\n<p><a href=\"http:\/\/www.contraloria.cl\/LegisJuri\/DictamenesGeneralesMunicipales.nsf\/DetalleDictamen?OpenForm&amp;UNID=C7C7981C3F557F2D842573B800535076\">04.-Dictamen Contralor\u00eda General de la Republica&nbsp; N\u00b0 57.623 de 18 de diciembre de 2007<\/a><\/p>\n\n\n\n<p><a href=\"http:\/\/www.contraloria.cl\/LegisJuri\/DictamenesGeneralesMunicipales.nsf\/FormImpresionDictamen?OpenForm&amp;UNID=877D15CC4EC352C584257A36004F82E5\">05.-Dictamen Contralor\u00eda General de la Republica&nbsp; N\u00b0 41746 &nbsp;de 12 de julio del 2012<\/a><\/p>\n\n\n\n<hr class=\"wp-block-separator\"\/>\n\n\n\n<p style=\"font-size:17px\">El Editor responsable de las publicaciones es <strong><em>Claudio Javier Ojeda Soto.<\/em> <\/strong>C\u00e9dula de identidad 11430361-5, de nacionalidad Chileno,&nbsp; con domicilio particular y comercial seg\u00fan&nbsp; <em><strong>C\u00f3digo Postal 5290231 &#8211; Edificio S &#8211; Depto 103 &#8211; Osorno &#8211; Chile<\/strong><\/em>,&nbsp; Fono de contacto <strong><em>+56 9 8776 2086 &#8211; correo electr\u00f3nico semanariolocal@gmail.com .<\/em><\/strong><\/p>\n","protected":false},"excerpt":{"rendered":"<div class=\"mh-excerpt\"><p>AVISOS LEGALES : FUNDAMENTACI\u00d3N DEL SERVICIO En concordancia con la ley 19.733 SOBRE LIBERTADES DE OPINION E INFORMACION Y EJERCICIO DEL PERIODISMO que, &nbsp;seg\u00fan consigna el &nbsp;Articulo 2&nbsp; Inciso 1 y 2&nbsp; en que se\u00f1ala <a class=\"mh-excerpt-more\" href=\"https:\/\/semanariolocal.cl\/legales\/?page_id=96\" title=\"Avisos Legales\">[leer m\u00e1s&#8230;]<\/a><\/p>\n<\/div>","protected":false},"author":1,"featured_media":0,"parent":0,"menu_order":0,"comment_status":"closed","ping_status":"closed","template":"","meta":{"footnotes":""},"class_list":["post-96","page","type-page","status-publish"],"_links":{"self":[{"href":"https:\/\/semanariolocal.cl\/legales\/index.php?rest_route=\/wp\/v2\/pages\/96","targetHints":{"allow":["GET"]}}],"collection":[{"href":"https:\/\/semanariolocal.cl\/legales\/index.php?rest_route=\/wp\/v2\/pages"}],"about":[{"href":"https:\/\/semanariolocal.cl\/legales\/index.php?rest_route=\/wp\/v2\/types\/page"}],"author":[{"embeddable":true,"href":"https:\/\/semanariolocal.cl\/legales\/index.php?rest_route=\/wp\/v2\/users\/1"}],"replies":[{"embeddable":true,"href":"https:\/\/semanariolocal.cl\/legales\/index.php?rest_route=%2Fwp%2Fv2%2Fcomments&post=96"}],"version-history":[{"count":1,"href":"https:\/\/semanariolocal.cl\/legales\/index.php?rest_route=\/wp\/v2\/pages\/96\/revisions"}],"predecessor-version":[{"id":97,"href":"https:\/\/semanariolocal.cl\/legales\/index.php?rest_route=\/wp\/v2\/pages\/96\/revisions\/97"}],"wp:attachment":[{"href":"https:\/\/semanariolocal.cl\/legales\/index.php?rest_route=%2Fwp%2Fv2%2Fmedia&parent=96"}],"curies":[{"name":"wp","href":"https:\/\/api.w.org\/{rel}","templated":true}]}}